{"id":44,"date":"2020-02-15T19:44:14","date_gmt":"2020-02-15T19:44:14","guid":{"rendered":"http:\/\/parafiaslawa.pl\/?page_id=44"},"modified":"2020-02-15T19:44:30","modified_gmt":"2020-02-15T19:44:30","slug":"slo","status":"publish","type":"page","link":"http:\/\/parafiaslawa.pl\/?page_id=44","title":{"rendered":"SLO"},"content":{"rendered":"<div class=\"\" style=\"\" >\n  \n    <section class=\"u-align-center u-clearfix u-palette-1-base u-section-1\" id=\"sec-4d1e\">\n      <div class=\"u-clearfix u-sheet u-valign-middle u-sheet-1\">\n        <h2 class=\"u-text u-text-1\">S\u0141U\u017bBA LITURGICZNA O\u0141TARZA<\/h2>\n      <\/div>\n    <\/section>\n    <section class=\"u-clearfix u-section-2\" id=\"sec-af53\">\n      <div class=\"u-clearfix u-sheet u-valign-middle u-sheet-1\">\n        <ul class=\"u-text u-text-default u-text-1\">\n          <a href=\"http:\/\/parafiaslawa.pl\/?page_id=37\">\n            <li>HISTORIA MINISTRANT\u00d3W<\/li>\n            <li>KODEK MINISTRANTA<\/li>\n            <li>POJ\u0118CIA I KOLORY LITURGICZNE<\/li>\n            <li>POSTAWY I GESTY LITURGICZNE<\/li>\n          <\/a>\n        <\/ul>\n      <\/div>\n    <\/section>\n    <section class=\"u-clearfix u-section-3\" id=\"sec-4e4a\">\n      <div class=\"u-clearfix u-expanded-width u-gutter-0 u-layout-wrap u-layout-wrap-1\">\n        <div class=\"u-layout\" style=\"\">\n          <div class=\"u-layout-row\" style=\"\">\n            <div class=\"u-align-center u-container-style u-layout-cell u-left-cell u-size-30 u-size-xs-60 u-white u-layout-cell-1\" src=\"\">\n              <div class=\"u-container-layout u-valign-middle u-container-layout-1\">\n                <span class=\"u-icon u-icon-circle u-palette-1-base u-spacing-10 u-icon-1\">\n                  <svg class=\"u-svg-link\" preserveAspectRatio=\"xMidYMin slice\" viewBox=\"0 0 466 466\" style=\"\"><use xmlns:xlink=\"http:\/\/www.w3.org\/1999\/xlink\" xlink:href=\"#svg-d32c\"><\/use><\/svg>\n                  <svg xmlns=\"http:\/\/www.w3.org\/2000\/svg\" xmlns:xlink=\"http:\/\/www.w3.org\/1999\/xlink\" version=\"1.1\" id=\"svg-d32c\" x=\"0px\" y=\"0px\" viewBox=\"0 0 466 466\" style=\"enable-background:new 0 0 466 466;\" xml:space=\"preserve\" class=\"u-svg-content\"><g><path d=\"M143.892,312.877c1.314,0.816,2.772,1.205,4.213,1.205c2.675,0,5.289-1.341,6.804-3.78   c2.331-3.753,1.178-8.686-2.575-11.017c-45.365-28.176-72.449-76.837-72.449-130.169C79.884,84.688,148.572,16,233,16   s153.116,68.688,153.116,153.116c0,53.332-27.083,101.993-72.448,130.169c-3.753,2.331-4.906,7.264-2.575,11.017   c2.331,3.753,7.263,4.905,11.017,2.575c23.996-14.904,44.055-35.754,58.007-60.296c14.392-25.315,21.999-54.177,21.999-83.464   C402.116,75.865,326.25,0,233,0S63.884,75.865,63.884,169.116c0,29.287,7.607,58.149,22,83.465   C99.836,277.123,119.895,297.973,143.892,312.877z\"><\/path><path d=\"M233,117.843c-45.235,0-82.036,36.801-82.036,82.036c0,45.235,36.801,82.037,82.036,82.037s82.036-36.801,82.036-82.037   C315.036,154.645,278.235,117.843,233,117.843z M233,265.916c-36.413,0-66.036-29.624-66.036-66.037s29.624-66.036,66.036-66.036   s66.036,29.624,66.036,66.036S269.413,265.916,233,265.916z\"><\/path><path d=\"M324.747,331.825c-0.199-0.175-0.408-0.343-0.628-0.501c-0.167-0.12-0.339-0.225-0.511-0.33   c-25.563-18.289-56.85-29.066-90.608-29.066c-33.758,0-65.045,10.777-90.608,29.066c-0.172,0.105-0.345,0.21-0.511,0.33   c-0.22,0.158-0.429,0.326-0.628,0.501C102.296,360.23,76.927,406.205,76.927,458c0,4.418,3.582,8,8,8s8-3.582,8-8   c0-43.875,20.283-83.096,51.958-108.799l81.62,113.47c1.503,2.09,3.92,3.329,6.495,3.329s4.991-1.239,6.495-3.329l81.62-113.47   c31.675,25.703,51.958,64.924,51.958,108.799c0,4.418,3.582,8,8,8s8-3.582,8-8C389.073,406.205,363.704,360.23,324.747,331.825z    M233,444.3l-75.141-104.463c21.727-13.865,47.511-21.909,75.141-21.909s53.414,8.044,75.141,21.909L233,444.3z\"><\/path>\n<\/g><g><\/g><g><\/g><g><\/g><g><\/g><g><\/g><g><\/g><g><\/g><g><\/g><g><\/g><g><\/g><g><\/g><g><\/g><g><\/g><g><\/g><g><\/g><\/svg>\n                <\/span>\n                <h2 class=\"u-text u-text-1\">\u015aw. Dominik Savio<\/h2>\n                <p class=\"u-text u-text-2\">Nasz Patronie - M\u00f3dl si\u0119 za Nami !!!<\/p>\n              <\/div>\n            <\/div>\n            <div class=\"u-align-center u-container-style u-image u-image-contain u-layout-cell u-right-cell u-size-30 u-size-xs-60 u-image-1\" src=\"\">\n              <div class=\"u-container-layout u-valign-middle u-container-layout-2\" src=\"\"><\/div>\n            <\/div>\n          <\/div>\n        <\/div>\n      <\/div>\n    <\/section>\n    <section class=\"u-clearfix u-section-4\" id=\"sec-2d08\">\n      <div class=\"u-clearfix u-sheet u-sheet-1\">\n        <p class=\"u-align-justify u-text u-text-default u-text-1\">Termin \u0142aci\u0144ski ministrare oznacza \u201es\u0142u\u017cy\u0107, pomaga\u0107\u201d. S\u0142u\u017cymy Bogu, kiedy przyczyniamy si\u0119 do tego, aby liturgia by\u0142a pi\u0119kna. S\u0142owo ministrant wskazuje szczeg\u00f3lnie na s\u0142u\u017cb\u0119 we Mszy \u015bw. Ministrant jest pomocnikiem przy sprawowaniu Mszy \u015bw. i podczas innych nabo\u017ce\u0144stw liturgicznych.\n          <br>Od kiedy istniej\u0105 ministranci? Odpowied\u017a na to pytanie jest w\u0142a\u015bciwie bardzo prosta: od kiedy w og\u00f3le istnieje nabo\u017ce\u0144stwo. W narodzie izraelskim by\u0142o jedno pokolenie wybrane do s\u0142u\u017cby w \u015bwi\u0105tyni -pokolenie Lewiego. W powstaj\u0105cym Ko\u015bciele aposto\u0142owie potrzebowali kogo\u015b do pos\u0142ugiwania wiernych. Wybrali wi\u0119c siedmiu pomocnik\u00f3w i nazwali ich diakonami, to znaczy s\u0142ugami. Gdy wsp\u00f3lnoty chrze\u015bcija\u0144skie stawa\u0142y si\u0119 coraz wi\u0119ksze, wszystko co by\u0142o do wykonania, dzielono w formie r\u00f3\u017cnych zada\u0144 pomi\u0119dzy cz\u0142onk\u00f3w danej wsp\u00f3lnoty.\n          <br>W ten spos\u00f3b mo\u017cna w kilku s\u0142owach przedstawi\u0107 ministrant\u00f3w i nasz\u0105 dzia\u0142alno\u015b\u0107 . Sama s\u0142u\u017cba wymaga czasami od nas naprawd\u0119 bardzo wiele wyrzecze\u0144, ale mamy tak\u0105 \u015bwiadomo\u015b\u0107 \u017ce s\u0142u\u017cymy samemu Bogu i ludziom i ta \u015bwiadomo\u015b\u0107 nas umacnia. Ka\u017cdy z nas jest naprawd\u0119 bardzo dumny z tego co robi.\n          <br>Nasza s\u0142u\u017cba polega na tym, aby przybli\u017cy\u0107 ludziom wa\u017cno\u015b\u0107 s\u0142u\u017cenia. Mo\u017cemy by\u0107 bli\u017cej Chrystusa, s\u0142u\u017cy\u0107 Jemu i nosi\u0107 okre\u015blone przedmioty, przygotowywa\u0107 dary ofiarne , dzwoni\u0107 dzwonkami i co najwa\u017cniejsze czyta\u0107 S\u0142owo Chrystusowe. Dla nas bycie w LSO jest bardzo wielk\u0105 rado\u015bci\u0105, bo przez swoj\u0105 s\u0142u\u017cb\u0119 ukazujemy, \u017ce ka\u017cde nabo\u017ce\u0144stwo jest nie tylko spraw\u0105 kap\u0142ana lecz spraw\u0105 ca\u0142ej parafii i wszystkich wiernych.\n        <\/p>\n      <\/div>\n    <\/section>\n    <section class=\"u-align-center u-clearfix u-section-5\" id=\"sec-40df\">\n      <div class=\"u-clearfix u-sheet u-valign-middle u-sheet-1\">\n        <h3 class=\"u-text u-text-1\">KTO TO JEST MINISTRANT?<\/h3>\n      <\/div>\n    <\/section>\n    <section class=\"u-clearfix u-section-6\" id=\"sec-c880\">\n      <div class=\"u-clearfix u-sheet u-sheet-1\">\n        <p class=\"u-text u-text-default u-text-1\">,,Ministrante\u201d ( z \u0142aciny ) znaczy ,,s\u0142u\u017cy\u0107\u201d. S\u0142u\u017cymy Bogu, kiedy przyczyniamy si\u0119 do tego, aby liturgia by\u0142a pi\u0119kna. S\u0142owo ,,ministrant\u201d wskazuje na szczeg\u00f3lnie na s\u0142u\u017cb\u0119 we Mszy \u015bwi\u0119tej.\n          <br>\n          <br>1. Ministrant jest POMOCNIKIEM przy sprawowaniu Mszy \u015bwi\u0119tej i podczas innych nabo\u017ce\u0144stw liturgicznych. Ministrant us\u0142uguje ksi\u0119dzu, gdy przygotowywany jest o\u0142tarz i dary ofiarne potrzebne do ofiary Mszy \u015bwi\u0119tej.\n          <br>\n          <br>2. Ministrant jest tym kt\u00f3ry NIESIE ZNAKI. Ministrant niesie pewne okre\u015blone przedmioty, kt\u00f3re dla liturgii s\u0105 niezb\u0119dne. S\u0105 to przedmioty, kt\u00f3re dla liturgii maj\u0105 szczeg\u00f3lne znaczenie. One maj\u0105 ludziom wierz\u0105cym co\u015b przedstawi\u0107 i wskaza\u0107 na inn\u0105 rzeczywisto\u015b\u0107.\n          <br>\n          <br>3. Ministrant powinien sam by\u0107 ZNAKIEM. Ministrant przez s\u0142u\u017cenie wskazuje, \u017ce ka\u017cde nabo\u017ce\u0144stwo liturgiczne sprawowane w ko\u015bciele,\n          <br>jest nie tylko spraw\u0105 kap\u0142ana, lecz spraw\u0105 ca\u0142ej parafii i wszystkich wiernych! Ministrant przez swoje s\u0142u\u017cenie pokazuje, \u017ce \u201euczestniczy\u0107\n          <br>w liturgii\u201d nie tak jak w kinie albo przed telewizorem tylko s\u0142ucha\u0107 czy ogl\u0105da\u0107!\n          <br>,,Uczestniczy\u0107 w liturgii\u201d to znaczy tak\u017ce wsp\u00f3\u0142dzia\u0142a\u0107 i wsp\u00f3\u0142tworzy\u0107 j\u0105, czynnie si\u0119 w niej anga\u017cuj\u0105c!\n        <\/p>\n      <\/div>\n    <\/section>\n    <section class=\"u-align-center u-clearfix u-palette-3-base u-section-7\" id=\"sec-437d\">\n      <div class=\"u-clearfix u-sheet u-valign-middle u-sheet-1\">\n        <h4 class=\"u-text u-text-1\">Zbi\u00f3rki ministrant\u00f3w odbywaj\u0105 si\u0119 w \u015brody o 16.00,starsi ministranci spotykaj\u0105 si\u0119 w \u015brody o godz. 17.00, ale zaczynaj\u0105 si\u0119 zazwyczaj du\u017co wcze\u015bniej.<\/h4>\n      <\/div>\n    <\/section>\n    <section class=\"u-clearfix u-section-8\" id=\"sec-a5c6\">\n      <div class=\"u-clearfix u-sheet u-sheet-1\">\n        <p class=\"u-text u-text-default u-text-1\">Przyczyna: st\u00f3\u0142 do gry w pi\u0142karzyki.\n          <br>Nie mo\u017cemy pomin\u0105\u0107 s\u0142u\u017cby liturgicznej z naszych ko\u015bcio\u0142\u00f3w filialnych:\n          <br>Gola(1), Przybysz\u00f3w(8), Tarn\u00f3w Jezierny(4) i Lipink(7)i.\n        <\/p>\n      <\/div>\n    <\/section>\n    <section class=\"u-clearfix u-section-9\" id=\"sec-43c0\">\n      <div class=\"u-clearfix u-sheet u-sheet-1\">\n        <p class=\"u-text u-text-default u-text-1\">Zbi\u00f3rki ministrant\u00f3w:&nbsp;w II i IV czwartek&nbsp; miesi\u0105ca o godzinie 16:30&nbsp;&nbsp;w salce parafialnej.\n          <br>\n          <br>Natomiast w ka\u017cd\u0105 sobot\u0119 spotykamy si\u0119 na hali technikum , by pogra\u0107 w pi\u0142k\u0119. o 9.00- szko\u0142a podstawowa, o 10.00 \u2013 gimnazjum\n        <\/p>\n      <\/div>\n    <\/section>\n    <section class=\"u-clearfix u-section-10\" id=\"sec-6e31\">\n      <div class=\"u-clearfix u-sheet u-sheet-1\">\n        <h3 class=\"u-text u-text-default u-text-1\">Lista ministrant\u00f3w (S\u0142awa):<\/h3>\n      <\/div>\n    <\/section>\n    <section class=\"u-clearfix u-section-11\" id=\"sec-5b6c\">\n      <div class=\"u-clearfix u-sheet u-sheet-1\">\n        <p class=\"u-text u-text-default u-text-1\">Bibik Krzysztof\n          <br>B\u0142aszczak Konrad\n          <br>Bogdanowicz Bartek\n          <br>Bogdanowicz Pawe\u0142\n          <br>Wojciech Mi\u0142osz\n          <br>Drgas Mateusz\n          <br>Gawlik Marcin\n          <br>Wojdanowicz Mateusz\n          <br>Ulanicki Jakub\n          <br>Surma Marcin\n          <br>Grycaj Artur\n          <br>Grze\u015bkowiak Karol\n          <br>Jarmu\u017cek Kacper\n          <br>Jastrz\u0119bski Przemys\u0142aw\n          <br>Kulus Jakub\n          <br>Gregorczyk \u0141ukasz\n          <br>Kamil Kacperek\n          <br>Majda Damian\n          <br>Malcher Jakub\n          <br>\u017bygad\u0142o Bartek\n          <br>Urba\u0144ski Maciej\n          <br>Ratuszny Szymon\n          <br>Reszczy\u0144ski \u0141ukasz\n          <br>Rybi\u0144ski Rafa\u0142\n          <br>Szlafka Kacper\n          <br>Walig\u00f3ra Hubert\n          <br>Walkowiak Jakub\n        <\/p>\n      <\/div>\n    <\/section>\n    <section class=\"u-align-center u-clearfix u-section-12\" id=\"sec-7114\">\n      <div class=\"u-clearfix u-sheet u-valign-middle u-sheet-1\">\n        <h3 class=\"u-text u-text-1\">\n          <a href=\"http:\/\/parafiaslawa.pl\/?page_id=56\">HISTORIA MINISTRANT\u00d3W<\/a>\n        <\/h3>\n      <\/div>\n    <\/section>\n    \n    \n\n  \n<\/div>","protected":false},"excerpt":{"rendered":"<p>S\u0141U\u017bBA LITURGICZNA O\u0141TARZA HISTORIA MINISTRANT\u00d3W KODEK MINISTRANTA POJ\u0118CIA I KOLORY LITURGICZNE POSTAWY I GESTY LITURGICZNE \u015aw. Dominik Savio Nasz Patronie &#8211; M\u00f3dl si\u0119 za Nami !!! Termin \u0142aci\u0144ski ministrare oznacza \u201es\u0142u\u017cy\u0107, pomaga\u0107\u201d. S\u0142u\u017cymy Bogu, kiedy przyczyniamy si\u0119 do tego, aby liturgia by\u0142a pi\u0119kna. S\u0142owo ministrant wskazuje szczeg\u00f3lnie na s\u0142u\u017cb\u0119 we Mszy \u015bw. Ministrant jest pomocnikiem &hellip; <a href=\"http:\/\/parafiaslawa.pl\/?page_id=44\" class=\"more-link\">Continue reading<span class=\"screen-reader-text\"> &#8222;SLO&#8221;<\/span><\/a><\/p>\n","protected":false},"author":1,"featured_media":0,"parent":0,"menu_order":9,"comment_status":"closed","ping_status":"closed","template":"","meta":{"footnotes":""},"_links":{"self":[{"href":"http:\/\/parafiaslawa.pl\/index.php?rest_route=\/wp\/v2\/pages\/44"}],"collection":[{"href":"http:\/\/parafiaslawa.pl\/index.php?rest_route=\/wp\/v2\/pages"}],"about":[{"href":"http:\/\/parafiaslawa.pl\/index.php?rest_route=\/wp\/v2\/types\/page"}],"author":[{"embeddable":true,"href":"http:\/\/parafiaslawa.pl\/index.php?rest_route=\/wp\/v2\/users\/1"}],"replies":[{"embeddable":true,"href":"http:\/\/parafiaslawa.pl\/index.php?rest_route=%2Fwp%2Fv2%2Fcomments&post=44"}],"version-history":[{"count":1,"href":"http:\/\/parafiaslawa.pl\/index.php?rest_route=\/wp\/v2\/pages\/44\/revisions"}],"predecessor-version":[{"id":68,"href":"http:\/\/parafiaslawa.pl\/index.php?rest_route=\/wp\/v2\/pages\/44\/revisions\/68"}],"wp:attachment":[{"href":"http:\/\/parafiaslawa.pl\/index.php?rest_route=%2Fwp%2Fv2%2Fmedia&parent=44"}],"curies":[{"name":"wp","href":"https:\/\/api.w.org\/{rel}","templated":true}]}}