{"id":57,"date":"2020-02-15T19:44:27","date_gmt":"2020-02-15T19:44:27","guid":{"rendered":"http:\/\/parafiaslawa.pl\/?page_id=57"},"modified":"2020-02-15T19:44:31","modified_gmt":"2020-02-15T19:44:31","slug":"pojecia-i-kolory-liturgiczne","status":"publish","type":"page","link":"http:\/\/parafiaslawa.pl\/?page_id=57","title":{"rendered":"POJ\u0118CIA I KOLORY LITURGICZNE"},"content":{"rendered":"<div class=\"\" style=\"\" >\n  \n    <section class=\"u-align-center u-clearfix u-section-1\" id=\"sec-b9ba\">\n      <div class=\"u-clearfix u-sheet u-valign-middle u-sheet-1\">\n        <h2 class=\"u-text u-text-1\">POJ\u0118CIA I KOLORY LITURGICZNE<\/h2>\n      <\/div>\n    <\/section>\n    <section class=\"u-align-center u-clearfix u-palette-3-base u-section-2\" id=\"sec-ec07\">\n      <div class=\"u-clearfix u-sheet u-sheet-1\">\n        <h3 class=\"u-text u-text-1\">POJ\u0118CIA<\/h3>\n      <\/div>\n    <\/section>\n    <section class=\"u-clearfix u-section-3\" id=\"sec-84d4\">\n      <div class=\"u-clearfix u-sheet u-sheet-1\">\n        <p class=\"u-text u-text-default u-text-1\">ABSOLUCJA&nbsp;(rozgrzeszenie) \u2013 udzielane przez kap\u0142ana w sakramencie pokuty odpuszczenie grzech\u00f3w.\n          <br>\n          <br>ADORACJA&nbsp;\u2013 oddanie czci, uwielbienie, uni\u017cenie si\u0119 przed Bogiem, ho\u0142d oddawany Bogu.\n          <br>\n          <br>AKOLITA \u2013 pos\u0142uguj\u0105cy w liturgii (przygotowuje o\u0142tarz i dary ofiarne oraz pomaga w Rozdawaniu Komunii \u015bw. i udzielaniu Komunii chorych).\n          <br>\n          <br>AKULITKI \u2013 lichtarze z p\u0142on\u0105cymi \u015bwiecami u\u017cywane w czasie czytania Ewangelii oraz w procesjach niesione obok krzy\u017ca.\n          <br>\n          <br>ALBA \u2013 d\u0142uga, bia\u0142a spodnia szata liturgiczna (kap\u0142ana i s\u0142u\u017cby liturgicznej w czasie liturgii) ,symbolizuj\u0105ca \u0142ask\u0119 chrztu \u015bw.\n          <br>\n          <br>ALUMN \u2013 student Seminarium Duchownego (cz\u0119\u015bciej u\u017cywa si\u0119 okre\u015blenia kleryk).\n          <br>\n          <br>AMBONA \u2013 miejsce do czyta\u0144 biblijnych oraz wyg\u0142aszania homilii (kaza\u0144), dzi\u015b najcz\u0119\u015bciej pulpit zwany ambonk\u0105 usytuowany w prezbiterium.\n          <br>\n          <br>AMPU\u0141KI \u2013 s\u0105 to naczynia liturgiczne w kszta\u0142cie ma\u0142ych dzbanuszk\u00f3w w kt\u00f3rych podaje si\u0119 wino i wod\u0119 do mszy \u015bw.\n          <br>\n          <br>ANIO\u0141 PA\u0143SKI \u2013 modlitwa odmawiana rano, w po\u0142udnie i wieczorem dla uczczenia Wcielenia Bo\u017cego i macierzy\u0144stwa Naj\u015bwi\u0119tszej Maryi Panny.\n          <br>\n          <br>ANTYFONA \u2013 refren rozpoczynaj\u0105cy i ko\u0144cz\u0105cy psalm w liturgii godzin, u\u017cywany te\u017c podczas Mszy \u015bw. i w nieszporach.\n          <br>\n          <br>APOKRYFY \u2013 ksi\u0119gi wczesnochrze\u015bcija\u0144skie tematycznie zwi\u0105zane z Pismem \u015bw. (cz\u0119sto zawieraj\u0105 opisy z \u017cycia Pana Jezusa).\n          <br>\n          <br>APOSTOLAT \u2013 urz\u0105d g\u0142oszenia Ewangelii i pos\u0142uga sakramentalna (duchownego), w przypadku \u015bwieckich \u2013 czynne zaanga\u017cowanie w Ko\u015bciele poprzez przyk\u0142ad \u017cycia i modlitw\u0119.\n          <br>\n          <br>APSYDA \u2013 p\u00f3\u0142kolista wn\u0119ka w \u015bcianie ko\u015bcio\u0142a lub kaplicy, zwykle w niej miejsce na tabernakulum lub krzes\u0142a dla kap\u0142ana.\n          <br>\n          <br>ARCHIDIECEZJA \u2013 jednostka terytorialna administracji ko\u015bcielnej.\n          <br>\n          <br>ARCYBISKUP \u2013 tytu\u0142 biskupa stoj\u0105cego na czele archidiecezji (metropolii).\n          <br>\n          <br>ASPERSJA \u2013 liturgiczne pokropienie wiernych wod\u0105 \u015bwi\u0119con\u0105 jako przypomnienie chrztu, jego skutk\u00f3w i zobowi\u0105za\u0144.\n          <br>\n          <br>ASYSTA \u2013 diakon lub dwaj diakoni towarzysz\u0105cy biskupowi b\u0105d\u017a kap\u0142anowi w uroczystej celebracji.\n          <br>\n          <br>AUREOLA \u2013 ko\u0142o otaczaj\u0105ce g\u0142owy \u015bwi\u0119tych (symbolizuj\u0105ce \u015bwi\u0119to\u015b\u0107).\n          <br>\n          <br>BALDACHIM \u2013 ozdobny daszek lub ozdobna os\u0142ona z materia\u0142u nad godnymi czci miejscami i osobami, przede wszystkim jako os\u0142ona niesiona nad Naj\u015bwi\u0119tszym Sakramentem.\n          <br>\n          <br>BAPTYSTERIUM \u2013 wolno stoj\u0105ca kaplica chrzcielna lub element dawnych ko\u015bcio\u0142\u00f3w biskupich, w ko\u015bcio\u0142ach parafialnych przewa\u017cnie tylko chrzcielnica.\n          <br>\n          <br>BAZYLIKA \u2013 w sensie architektonicznym \u2013 ko\u015bci\u00f3\u0142 wielonawowy (nawa g\u0142\u00f3wna wy\u017csza od naw bocznych), basilica minor \u2013 tytu\u0142 nadawany znaczniejszym ko\u015bcio\u0142om.\n          <br>\n          <br>BEATYFIKACJA \u2013 uznanie za b\u0142ogos\u0142awion\u0105, osob\u0119 zmar\u0142\u0105 w opinii \u015bwi\u0119to\u015bci (poprzedzone procesem beatyfikacyjnym)\n          <br>\n          <br>BIBLIA \u2013 Pismo \u015awi\u0119te \u2013 zbi\u00f3r ksi\u0105g napisanych pod natchnieniem Ducha \u015awi\u0119tego zawieraj\u0105cych s\u0142owo skierowane do ludzi przez Boga.\n          <br>\n          <br>BIERZMOWANIE \u2013 sakrament wtajemniczenia chrze\u015bcija\u0144skiego, w kt\u00f3rym cz\u0142owiek otrzymuje w szczeg\u00f3lny spos\u00f3b Ducha \u015awi\u0119tego.\n          <br>\n          <br>BINACJA \u2013 dwukrotne odprawianie Mszy \u015bw. jednego dnia (prawa binacji udziela Biskup).\n          <br>\n          <br>BIRET \u2013 nakrycie g\u0142owy duchownych katolickich.\n          <br>\n          <br>BISKUP \u2013 zwierzchnik Ko\u015bcio\u0142a lokalnego (diecezji), kt\u00f3ry przewodniczy wsp\u00f3lnocie wiernych moc\u0105 bezpo\u015bredniego apostolskiego pe\u0142nomocnictwa.\n          <br>\n          <br>B\u0141OGOS\u0141AWIE\u0143STWO \u2013 \u017cyczenie uzyskania specjalnej przychylno\u015bci Bo\u017cej dla jednostki, wsp\u00f3lnoty lub rzeczy przez odpowiednie s\u0142owa i towarzysz\u0105ce im gesty sakralne, modlitwa nad rzecz\u0105 lub osob\u0105 w celu uproszenia pomocy od Boga.\n          <br>\n          <br>BREWIARZ \u2013 ksi\u0119ga do odprawiania modlitwy u\u015bwi\u0119cenia dnia (liturgii godzin) przez duchownych i \u015bwieckich.\n          <br>\n          <br>BURSA \u2013 sztywna torebka do zawieszenia na szyi, na naczynie z Komuni\u0105 chorych.\n          <br>\n          <br>CARITAS \u2013 czynne praktykowanie chrze\u015bcija\u0144skiej mi\u0142o\u015bci bli\u017aniego lub organizacja dobroczynna dzia\u0142aj\u0105ca w Ko\u015bciele.\n          <br>\n          <br>CELEBRANS \u2013 osoba przewodnicz\u0105ca zgromadzeniu liturgicznemu (najcz\u0119\u015bciej kap\u0142an).\n          <br>\n          <br>CEREMONIARZ \u2013 osoba przygotowuj\u0105ca i koordynuj\u0105ca r\u00f3\u017cne pos\u0142ugi oraz dbaj\u0105ca o spokojny, harmonijny przebieg uroczysto\u015bci.\n          <br>\n          <br>CHORA\u0141 \u2013 oficjalny \u015bpiew Ko\u015bcio\u0142a (jednog\u0142osowy), lub ksi\u0119ga zawieraj\u0105ca \u015bpiewy liturgiczne.\n          <br>\n          <br>CHRZEST \u2013 pierwszy i najpotrzebniejszy sakrament, uwalnia od grzechu pierworodnego i wszystkich innych grzech\u00f3w i w\u0142\u0105cza do Ko\u015bcio\u0142a.\n          <br>\n          <br>CHRZE\u015aCIJA\u0143STWO \u2013 religia za\u0142o\u017cona przez Jezusa Chrystusa. W ci\u0105gu wiek\u00f3w swej historii rozpad\u0142o si\u0119 na: Katolicyzm, Prawos\u0142awie, Protestantyzm.\n          <br>\n          <br>CIEMNICA \u2013 miejsce w ko\u015bciele gdzie przechowuje si\u0119 Naj\u015bwi\u0119tszy Sakrament w noc z Wielkiego Czwartku na Wielki Pi\u0105tek.\n          <br>\n          <br>CINGULUM \u2013 pasek s\u0142u\u017c\u0105cy do przepasywania alby, element stroju liturgicznego.\n          <br>\n          <br>CREDO \u2013 wyznanie wiary (\u0142ac.. credo \u2013 wierz\u0119).\n          <br>\n          <br>CUSTODIA (kustodia) \u2013 naczynie, w kt\u00f3rym przechowuje si\u0119 Naj\u015bwi\u0119tsz\u0105 Hosti\u0119 do wystawienia w monstrancji.\n          <br>\n          <br>CYBORIUM \u2013 puszka (naczynie) do przechowywania Eucharystii pod postaci\u0105 chleba.\n          <br>\n          <br>DARY OFIARNE \u2013 rzeczy i akty wewn\u0119trzne, kt\u00f3re cz\u0142owiek sk\u0142ada Bogu w czasie Mszy \u015bw. Przede wszystkim s\u0105 to dary chleba i wina, kt\u00f3re oznaczaj\u0105 wszelk\u0105 ofiar\u0119 cz\u0142owieka.\n          <br>Dzwonki o\u0142tarzowe -pojawi\u0142y si\u0119 w liturgii w wieku XIII, zwracaj\u0105 uwag\u0119 wiernych na zmian\u0119 postawy liturgicznej, zwo\u0142uj\u0105 lud i wielbi\u0105 d\u017awi\u0119kiem Boga.\n          <br>\n          <br>HOMILIA \u2013 (kazanie) jest to s\u0142owo kap\u0142ana skierowane do wiernych na tle us\u0142yszanych czyta\u0144 biblijnych.\n          <br>\n          <br>HYMN \u2013 uroczysta pie\u015b\u0144 \u015bpiewana na cze\u015b\u0107 Boga lub \u015bwi\u0119tych.\n          <br>\n          <br>KIELICH \u2013 jest to naczynie liturgiczne w kt\u00f3rym w czasie mszy \u015bw. sk\u0142ada si\u0119 wino do konsekracji.\n          <br>\n          <br>KOM\u017bA \u2013 kr\u00f3tsza szata liturgiczna, zawsze koloru bia\u0142ego; od IX wieku str\u00f3j ministranta.\n          <br>\n          <br>KUSTODIA -jest to ma\u0142a puszka, w niej przechowuje si\u0119 Naj\u015bwi\u0119tsz\u0105 Hosti\u0119 przeznaczon\u0105 do monstrancji.\n          <br>\n          <br>LEKCJONARZ -ksi\u0119ga zawieraj\u0105ca czytania biblijne na poszczeg\u00f3lne dni w roku.\n          <br>\n          <br>MINISTRANT \u2013 cz\u0142onek ludu Bo\u017cego, kt\u00f3ry w czasie sprawowania liturgicznych obrz\u0119d\u00f3w spe\u0142nia pos\u0142ug\u0119 pomocnicz\u0105 w spos\u00f3b okre\u015blony przepisami Ko\u015bcio\u0142a.\n          <br>\n          <br>MONSTRANCJA \u2013 przedmiot liturgiczny w kt\u00f3rym umieszcza si\u0119 Hosti\u0119 celem adoracji lub procesji.\n          <br>\n          <br>ODPUST PARAFIALNY \u2013 uroczysto\u015b\u0107, w kt\u00f3rej parafia w spos\u00f3b szczeg\u00f3lny czci swego Patrona.\n          <br>\n          <br>O\u0141TARZ \u2013 jest to st\u00f3\u0142 na kt\u00f3rym sk\u0142ada si\u0119 Naj\u015bwi\u0119tsz\u0105 Ofiar\u0119 i przy kt\u00f3rym rozdziela si\u0119 Cia\u0142o Pa\u0144skie.\n          <br>\n          <br>ORACJA \u2013 uroczysta modlitwa odmawiana przez kap\u0142ana w imieniu wiernych.\n          <br>\n          <br>ORNAT \u2013 wierzchnia ozdobna szata liturgiczna kap\u0142ana odprawiaj\u0105cego Msz\u0119 \u015bw.\n          <br>\n          <br>PALKA \u2013 s\u0142u\u017cy do nakrycia kielicha mszalnego; kwadratowy kawa\u0142ek usztywnionego p\u0142\u00f3tna.\n          <br>\n          <br>PASCHA\u0141 \u2013 \u015bwieca symbolizuj\u0105ca Zmartwychwsta\u0142ego Chrystusa.\n          <br>\n          <br>PASTORA\u0141 \u2013 ozdobna laska u\u017cywana przez biskupa jako symbol pos\u0142ugi pasterskiej otrzymanej od Chrystusa.\n          <br>\n          <br>PATENA \u2013 naczynie liturgiczne, na kt\u00f3rym sk\u0142ada si\u0119 w czasie Mszy \u015bw. chleb do konsekracji.\n          <br>\n          <br>PREZBITERIUM \u2013 cz\u0119\u015b\u0107 ko\u015bcio\u0142a, w kt\u00f3rej znajduje si\u0119 o\u0142tarz g\u0142\u00f3wny.\n          <br>\n          <br>PROCESJA \u2013 uroczysty poch\u00f3d religijny po\u0142\u0105czony ze \u015bpiewem.\n          <br>\n          <br>RESPONSORIUM \u2013 powtarzane wersety psalmu stanowi\u0105ce odpowied\u017a cz\u0142owieka na S\u0142owo Bo\u017ce.\n          <br>\n          <br>SANCTISSIMUM \u2013 \u0142aci\u0144ska nazwa Naj\u015bwi\u0119tszego Sakramentu.\n          <br>\n          <br>S\u0141U\u017bBA LITURGICZNA \u2013 zesp\u00f3\u0142 ludzi, ch\u0142opc\u00f3w i dziewcz\u0105t, kt\u00f3rzy w czasie sprawowania liturgicznych obrz\u0119d\u00f3w spe\u0142niaj\u0105 pos\u0142ug\u0119 w spos\u00f3b okre\u015blony przepisami Ko\u015bcio\u0142a.\n          <br>\n          <br>STU\u0141A \u2013 cz\u0119\u015b\u0107 stroju liturgicznego \u2013 znak w\u0142adzy kap\u0142a\u0144skiej.\n          <br>\n          <br>\u015aWI\u0104TYNIA \u2013 miejsce gdzie B\u00f3g jest szczeg\u00f3lnie obecny i czczony.\n          <br>\n          <br>TABERNAKULUM \u2013 miejsce w ko\u015bciele, w kt\u00f3rym przechowuje si\u0119 Naj\u015bwi\u0119tszy Sakrament\n          <br>\n          <br>WELON NA KIELICH \u2013 tkanina (chusta), kt\u00f3r\u0105 nakryty jest kielich do momentu przygotowania dar\u00f3w ofiarnych; ponownie kielich nakrywa si\u0119 tym welonem po Komunii \u015bw.\n          <br>\n          <br>WIERNO\u015a\u0106 S\u0141OWU \u2013 dobry ministrant to taki kt\u00f3ry w \u017cyciu codziennym dotrzymuje Panu Bogu i ludziom obiecanego s\u0142owa.\n          <br>\n          <br>WODA \u015aWI\u0118CONA \u2013 jest wod\u0105 pob\u0142ogos\u0142awion\u0105 przez kap\u0142ana, przeznaczon\u0105 do czynno\u015bci liturgicznych.\n        <\/p>\n      <\/div>\n    <\/section>\n    <section class=\"u-align-center u-clearfix u-palette-2-light-2 u-section-4\" id=\"sec-ca70\">\n      <div class=\"u-clearfix u-sheet u-valign-middle u-sheet-1\">\n        <h3 class=\"u-text u-text-1\">KOLORY LITURGICZNE<\/h3>\n      <\/div>\n    <\/section>\n    <section class=\"u-clearfix u-section-5\" id=\"sec-b91d\">\n      <div class=\"u-clearfix u-sheet u-sheet-1\">\n        <p class=\"u-text u-text-default u-text-1\">Bia\u0142y \u2013 kolor rado\u015bci:\n          <br>\u2013 Bo\u017ce Narodzenie i okres Bo\u017cego Narodzenia;\n          <br>\u2013 Uroczysto\u015b\u0107 Zmartwychwstania i okres Wielkanocny;\n          <br>\u2013 \u015awi\u0119ta ku czci Chrystusa;\n          <br>\u2013 \u015awi\u0119ta ku czci \u015awi\u0119tych (kt\u00f3rzy nie byli m\u0119czennikami).\n          <br>\n          <br>Czerwony \u2013 kolor krwi, ognia, mi\u0142o\u015bci, kr\u00f3lewski:\n          <br>\u2013 Niedziela Palmowa;\n          <br>\u2013 Wielki Pi\u0105tek;\n          <br>\u2013 Uroczysto\u015b\u0107 Zes\u0142ania Ducha \u015awi\u0119tego;\n          <br>\u2013 \u015awi\u0119ta ku czci \u015awi\u0119tych M\u0119czennik\u00f3w.\n          <br>\n          <br>Fioletowy \u2013 kolor pokuty i \u017ca\u0142oby:\n          <br>\u2013 okres Adwentu;\n          <br>\u2013 okres Wielkiego Postu;\n          <br>\u2013 podczas Mszy \u015bw. pogrzebowych.\n          <br>\n          <br>Zielony \u2013 kolor nadziei i \u017cycia:\n          <br>\u2013 w niedziele zwyk\u0142e;\n          <br>\u2013 dni powszednie okresu zwyk\u0142ego w ci\u0105gu roku.\n          <br>\n          <br>R\u00f3\u017cowy \u2013 kolor rado\u015bci w\u015br\u00f3d pokuty:\n          <br>\u2013 III Niedziela Adwentu;\n          <br>\u2013 IV Niedziela Wielkiego Postu.\n        <\/p>\n      <\/div>\n    <\/section>\n    <section class=\"u-align-center u-clearfix u-section-6\" id=\"sec-47ed\">\n      <div class=\"u-clearfix u-sheet u-valign-middle u-sheet-1\">\n        <h2 class=\"u-text u-text-1\">\n          <a href=\"http:\/\/parafiaslawa.pl\/?page_id=37\">POSTAWY I GESTY LITURGICZNE<\/a>\n        <\/h2>\n      <\/div>\n    <\/section>\n    \n    \n\n  \n<\/div>","protected":false},"excerpt":{"rendered":"<p>POJ\u0118CIA I KOLORY LITURGICZNE POJ\u0118CIA ABSOLUCJA&nbsp;(rozgrzeszenie) \u2013 udzielane przez kap\u0142ana w sakramencie pokuty odpuszczenie grzech\u00f3w. ADORACJA&nbsp;\u2013 oddanie czci, uwielbienie, uni\u017cenie si\u0119 przed Bogiem, ho\u0142d oddawany Bogu. AKOLITA \u2013 pos\u0142uguj\u0105cy w liturgii (przygotowuje o\u0142tarz i dary ofiarne oraz pomaga w Rozdawaniu Komunii \u015bw. i udzielaniu Komunii chorych). AKULITKI \u2013 lichtarze z p\u0142on\u0105cymi \u015bwiecami u\u017cywane w czasie &hellip; <a href=\"http:\/\/parafiaslawa.pl\/?page_id=57\" class=\"more-link\">Continue reading<span class=\"screen-reader-text\"> &#8222;POJ\u0118CIA I KOLORY LITURGICZNE&#8221;<\/span><\/a><\/p>\n","protected":false},"author":1,"featured_media":0,"parent":0,"menu_order":22,"comment_status":"closed","ping_status":"closed","template":"","meta":{"footnotes":""},"_links":{"self":[{"href":"http:\/\/parafiaslawa.pl\/index.php?rest_route=\/wp\/v2\/pages\/57"}],"collection":[{"href":"http:\/\/parafiaslawa.pl\/index.php?rest_route=\/wp\/v2\/pages"}],"about":[{"href":"http:\/\/parafiaslawa.pl\/index.php?rest_route=\/wp\/v2\/types\/page"}],"author":[{"embeddable":true,"href":"http:\/\/parafiaslawa.pl\/index.php?rest_route=\/wp\/v2\/users\/1"}],"replies":[{"embeddable":true,"href":"http:\/\/parafiaslawa.pl\/index.php?rest_route=%2Fwp%2Fv2%2Fcomments&post=57"}],"version-history":[{"count":1,"href":"http:\/\/parafiaslawa.pl\/index.php?rest_route=\/wp\/v2\/pages\/57\/revisions"}],"predecessor-version":[{"id":81,"href":"http:\/\/parafiaslawa.pl\/index.php?rest_route=\/wp\/v2\/pages\/57\/revisions\/81"}],"wp:attachment":[{"href":"http:\/\/parafiaslawa.pl\/index.php?rest_route=%2Fwp%2Fv2%2Fmedia&parent=57"}],"curies":[{"name":"wp","href":"https:\/\/api.w.org\/{rel}","templated":true}]}}