{"id":812,"date":"2022-03-20T13:47:55","date_gmt":"2022-03-20T13:47:55","guid":{"rendered":"http:\/\/parafiaslawa.pl\/?page_id=812"},"modified":"2022-03-22T09:55:33","modified_gmt":"2022-03-22T09:55:33","slug":"plan-nawiedzenia","status":"publish","type":"page","link":"http:\/\/parafiaslawa.pl\/?page_id=812","title":{"rendered":"PLAN NAWIEDZENIA"},"content":{"rendered":"<div class=\"\" style=\"\" >\n    \n    <section class=\"u-clearfix u-section-2\" id=\"sec-bf25\">\n      <div class=\"u-clearfix u-sheet u-sheet-1\">\n        <div class=\"u-clearfix u-expanded-width u-gutter-0 u-layout-wrap u-layout-wrap-1\">\n          <div class=\"u-layout\" style=\"\">\n            <div class=\"u-layout-row\" style=\"\">\n              <div class=\"u-align-center u-container-style u-layout-cell u-left-cell u-size-30 u-size-xs-60 u-white u-layout-cell-1\" src=\"\">\n                <div class=\"u-container-layout u-container-layout-1\">\n                  <lt-highlighter style=\"display: none; z-index: 1 !important;\">\n                    <lt-div spellcheck=\"false\" class=\"lt-highlighter__wrapper\" style=\"width: 350px; height: 277px; transform: none !important; transform-origin: 175px 138.578px !important; zoom: 1 !important; margin-top: 20px;\">\n                      <lt-div class=\"lt-highlighter__scroll-element\" style=\"top: 0px; left: 0px; width: 350px; height: 281px;\">\n                        <canvas class=\"lt-highlighter__canvas\" width=\"171\" height=\"48\" style=\"display: none; top: 233px; left: 118px;\"><\/canvas>\n                      <\/lt-div>\n                    <\/lt-div>\n                  <\/lt-highlighter>\n                  <h3 class=\"u-text u-text-1\">\n                    <span class=\"u-text-palette-1-base\">NAWIEDZENIE FIGURY \n\u015aW. MICHA\u0141A ARCHANIO\u0141A <br> Z\nCUDOWNEJ GROTY OBJAWIE\u0143 NA GARGANO\n                    <\/span>\n                  <\/h3>\n                  <lt-highlighter style=\"display: none; z-index: 1 !important;\">\n                    <lt-div spellcheck=\"false\" class=\"lt-highlighter__wrapper\" style=\"width: 350px; height: 51px; transform: none !important; transform-origin: 175px 25.5938px !important; zoom: 1 !important; margin-top: 34px; margin-left: 0px;\">\n                      <lt-div class=\"lt-highlighter__scroll-element\" style=\"top: 0px; left: 0px; width: 350px; height: 51px;\"><\/lt-div>\n                    <\/lt-div>\n                  <\/lt-highlighter>\n                  <p class=\"u-text u-text-custom-color-1 u-text-2\"><i>Parafia \u015bw. Micha\u0142a Archanio\u0142a<\/i><i>S\u0142awa, Plac Tomkiewicza 1&nbsp;<\/i>\n                  <\/p>\n                <\/div>\n              <\/div>\n              <div class=\"u-align-center u-container-style u-layout-cell u-right-cell u-size-30 u-size-xs-60 u-layout-cell-2\" src=\"\">\n                <div class=\"u-container-layout u-container-layout-2\" src=\"\">\n                  <img class=\"u-image u-image-1\" src=\"http:\/\/parafiaslawa.pl\/wp-content\/uploads\/2022\/03\/Michal.jpg\" data-image-width=\"600\" data-image-height=\"841\">\n                <\/div>\n              <\/div>\n            <\/div>\n          <\/div>\n        <\/div>\n      <\/div>\n    <\/section>\n    <section class=\"u-clearfix u-section-3\" id=\"sec-b09a\">\n      <div class=\"u-clearfix u-sheet u-sheet-1\">\n        <lt-highlighter style=\"display: none; z-index: 1 !important;\">\n          <lt-div spellcheck=\"false\" class=\"lt-highlighter__wrapper\" style=\"width: 940px; height: 665px; transform: none !important; transform-origin: 470px 332.719px !important; zoom: 1 !important; margin-top: 0px;\">\n            <lt-div class=\"lt-highlighter__scroll-element\" style=\"top: 0px; left: 0px; width: 940px; height: 665px;\">\n              <canvas class=\"lt-highlighter__canvas\" width=\"27\" height=\"253\" style=\"display: none; top: 360px; left: 265px;\"><\/canvas>\n            <\/lt-div>\n          <\/lt-div>\n        <\/lt-highlighter>\n        <lt-highlighter style=\"display: none; z-index: 1 !important;\">\n          <lt-div spellcheck=\"false\" class=\"lt-highlighter__wrapper\" style=\"width: 1140px; height: 665px; transform: none !important; transform-origin: 570px 332.719px !important; zoom: 1 !important;\">\n            <lt-div class=\"lt-highlighter__scroll-element\" style=\"top: 0px; left: 0px; width: 1140px; height: 665px;\"><\/lt-div>\n          <\/lt-div>\n        <\/lt-highlighter>\n        <p class=\"u-text u-text-1\">\n          <span style=\"font-weight: 700;\" class=\"u-text-palette-1-base\"> SOBOTA \u2013 23 kwietnia 2022 <\/span>\n          <br>\n          <span style=\"font-weight: 700;\">18.00<\/span> \u2013 Msza \u015bw. z homili\u0105 przygotowania do czasu nawiedzenia. <br>\n          <br>\n          <span class=\"u-text-palette-1-base\" style=\"font-weight: 700;\">NIEDZIELA \u2013 24 kwietnia 2022 <\/span>\n          <br>\n          <span style=\"font-weight: 700;\">\n            <span style=\"font-weight: 700;\"><\/span>8.00, 10.00, 12.00\n          <\/span> \u2013 Msza \u015bw. z homili\u0105 przygotowania do czasu nawiedzenia. <br>\n          <span style=\"font-weight: 700;\">15.00<\/span> \u2013 Godzina Mi\u0142osierdzia \u2013 Wystawienie Naj\u015bwi\u0119tszego Sakramentu i Koronka do Bo\u017cego Mi\u0142osierdzia. <br>&nbsp; &nbsp; &nbsp; &nbsp; &nbsp; &nbsp; &nbsp; Spotkanie z m\u0142odzie\u017c\u0105 przygotowuj\u0105c\u0105 si\u0119 do sakramentu bierzmowania, dla uczni\u00f3w klas VII i VIII Szko\u0142y podstawowej <br>\n          <span style=\"font-weight: 700;\">17.30<\/span> \u2013 Nabo\u017ce\u0144stwo oczekiwania. <br>\n          <span style=\"font-weight: 700;\">18.00<\/span> \u2013 Powitanie (dzieci, doro\u015bli, proboszcz) i Msza \u015bw. na rozpocz\u0119cie nawiedzenia. <br>\n          <span style=\"font-weight: 700;\">21.00<\/span> \u2013 Apel Jasnog\u00f3rski z rozwa\u017caniem na zako\u0144czenie dnia. <br>\n          <br>\n          <span style=\"font-weight: 700;\" class=\"u-text-palette-1-base\">PONIEDZIA\u0141EK \u2013 25 kwietnia 2022 <\/span>\n          <br>\n          <span style=\"font-weight: 700;\">\n            <span style=\"font-weight: 700;\"><\/span>10.00\n          <\/span> \u2013 Msza \u015bw. dla chorych i starszych z odnowieniem przyrzecze\u0144 chrzcielnych oraz indywidualnym b\u0142ogos\u0142awie\u0144stwem przy Figurze \u015bw. Micha\u0142a Archanio\u0142a. <br>\n          <span style=\"font-weight: 700;\">11.30<\/span> \u2013 Spotkanie dla dzieci ze szko\u0142y Happy House<br>\n          <span style=\"font-weight: 700;\">15.00<\/span> \u2013 Adoracja Naj\u015bwi\u0119tszego Sakramentu (<span style=\"font-style: italic;\">Koronka do Mi\u0142osierdzia Bo\u017cego i modlitwy przez przyczyn\u0119 \u015bw. Micha\u0142a Archanio\u0142a<\/span>). <br>\n          <span style=\"font-weight: 700;\">18.00<\/span> \u2013 Msza \u015bw. z modlitw\u0105 o uzdrowienie i uwolnienie z na\u0142og\u00f3w za przyczyn\u0105 \u015bw. Micha\u0142a Archanio\u0142a z modlitw\u0105 wstawiennicz\u0105 przed Naj\u015bwi\u0119tszym Sakramentem. <br>\n          <span style=\"font-weight: 700;\">21.00<\/span> \u2013 Apel Jasnog\u00f3rski z rozwa\u017caniem na zako\u0144czenie dnia. <br>\n          <br>\n          <span style=\"font-weight: 700;\" class=\"u-text-palette-1-base\">WTOREK \u2013 26 kwietnia 2022<\/span>\n          <br>\n          <span style=\"font-weight: 700;\">10.00<\/span> \u2013 Msza \u015bw. z Aktem Po\u015bwi\u0119cenia si\u0119 \u015bw. Micha\u0142owi Archanio\u0142owi. <br>\n          <span style=\"font-weight: 700;\">\n            <span style=\"font-weight: 700;\"><\/span>11.30\n          <\/span> \u2013 Spotkanie dla dzieci ze szko\u0142y Happy House<br>\n          <span style=\"font-weight: 700;\">15.00<\/span> \u2013 Adoracja Naj\u015bwi\u0119tszego Sakramentu (<span style=\"font-style: italic;\">Koronka do Mi\u0142osierdzia Bo\u017cego i modlitwy przez przyczyn\u0119 \u015bw. Micha\u0142a Archanio\u0142a<\/span>). <br>\n          <span style=\"font-weight: 700;\">18.00<\/span> \u2013 Msza \u015bw. Po\u017cegnania z Aktem Zawierzenia Parafii \u015bw. Micha\u0142owi Archanio\u0142owi. <br>&nbsp;<br>\n        <\/p>\n      <\/div>\n    <\/section>\n    <section class=\"u-align-center u-clearfix u-section-4\" id=\"sec-cf42\">\n      <div class=\"u-clearfix u-sheet u-sheet-1\">\n        <lt-highlighter style=\"display: none; z-index: 1 !important;\">\n          <lt-div spellcheck=\"false\" class=\"lt-highlighter__wrapper\" style=\"width: 940px; height: 135px; transform: none !important; transform-origin: 470px 67.5px !important; zoom: 1 !important; margin-top: 15px;\">\n            <lt-div class=\"lt-highlighter__scroll-element\" style=\"top: 0px; left: 0px; width: 940px; height: 135px;\"><\/lt-div>\n          <\/lt-div>\n        <\/lt-highlighter>\n        <h4 class=\"u-text u-text-1\"><i style=\"\">\n            <span class=\"u-text-palette-1-base\" style=\"\">W czasie nawiedzenia mo\u017cliwo\u015b\u0107 przyj\u0119cia Szkaplerza <br> \u015bw. Micha\u0142a Archanio\u0142a oraz nabycia anielskich pami\u0105tek\n            <\/span>\n            <span style=\"font-weight: 400;\"><\/span><\/i>\n        <\/h4>\n      <\/div>\n    <\/section>\n    <section class=\"u-align-center u-clearfix u-section-5\" id=\"carousel_0347\">\n      <div class=\"u-clearfix u-sheet u-sheet-1\">\n        <lt-highlighter style=\"display: none; z-index: 1 !important;\">\n          <lt-div spellcheck=\"false\" class=\"lt-highlighter__wrapper\" style=\"width: 915px; height: 77px; transform: none !important; transform-origin: 457.635px 38.3906px !important; zoom: 1 !important; margin-top: 25px; margin-left: 12px;\">\n            <lt-div class=\"lt-highlighter__scroll-element\" style=\"top: 0px; left: 0px; width: 915px; height: 77px;\">\n              <canvas class=\"lt-highlighter__canvas\" width=\"82\" height=\"22\" style=\"display: none; top: 28px; left: 346px;\"><\/canvas>\n            <\/lt-div>\n          <\/lt-div>\n        <\/lt-highlighter>\n        <p class=\"u-align-center u-text u-text-1\">\n          <span style=\"font-style: italic;\" class=\"u-text-custom-color-1\">Ofiary sk\u0142adane na tac\u0119 w poniedzia\u0142ek i wtorek s\u0105 przeznaczone na rozw\u00f3j kultu \u015bw. Micha\u0142a Archanio\u0142a <br>oraz na dzie\u0142a apostolskie zgromadzenia Ksi\u0119\u017cy Michalit\u00f3w (szko\u0142y, oratoria, praca misyjna i wydawnicza, budowa sanktuarium Mi\u0142osierdzia Bo\u017cego w Mi\u0144sku na Bia\u0142orusi)&nbsp;\n          <\/span>\n          <br>\n        <\/p>\n        <div class=\"u-border-10 u-border-palette-3-base u-expanded-width u-line u-line-horizontal u-line-1\"><\/div>\n      <\/div>\n    <\/section>\n    \n    \n  \n<\/div>","protected":false},"excerpt":{"rendered":"<p>NAWIEDZENIE FIGURY \u015aW. MICHA\u0141A ARCHANIO\u0141A Z CUDOWNEJ GROTY OBJAWIE\u0143 NA GARGANO Parafia \u015bw. Micha\u0142a Archanio\u0142aS\u0142awa, Plac Tomkiewicza 1&nbsp; SOBOTA \u2013 23 kwietnia 2022 18.00 \u2013 Msza \u015bw. z homili\u0105 przygotowania do czasu nawiedzenia. NIEDZIELA \u2013 24 kwietnia 2022 8.00, 10.00, 12.00 \u2013 Msza \u015bw. z homili\u0105 przygotowania do czasu nawiedzenia. 15.00 \u2013 Godzina Mi\u0142osierdzia \u2013 &hellip; <a href=\"http:\/\/parafiaslawa.pl\/?page_id=812\" class=\"more-link\">Continue reading<span class=\"screen-reader-text\"> &#8222;PLAN NAWIEDZENIA&#8221;<\/span><\/a><\/p>\n","protected":false},"author":1,"featured_media":0,"parent":804,"menu_order":1,"comment_status":"closed","ping_status":"closed","template":"","meta":{"footnotes":""},"_links":{"self":[{"href":"http:\/\/parafiaslawa.pl\/index.php?rest_route=\/wp\/v2\/pages\/812"}],"collection":[{"href":"http:\/\/parafiaslawa.pl\/index.php?rest_route=\/wp\/v2\/pages"}],"about":[{"href":"http:\/\/parafiaslawa.pl\/index.php?rest_route=\/wp\/v2\/types\/page"}],"author":[{"embeddable":true,"href":"http:\/\/parafiaslawa.pl\/index.php?rest_route=\/wp\/v2\/users\/1"}],"replies":[{"embeddable":true,"href":"http:\/\/parafiaslawa.pl\/index.php?rest_route=%2Fwp%2Fv2%2Fcomments&post=812"}],"version-history":[{"count":7,"href":"http:\/\/parafiaslawa.pl\/index.php?rest_route=\/wp\/v2\/pages\/812\/revisions"}],"predecessor-version":[{"id":844,"href":"http:\/\/parafiaslawa.pl\/index.php?rest_route=\/wp\/v2\/pages\/812\/revisions\/844"}],"up":[{"embeddable":true,"href":"http:\/\/parafiaslawa.pl\/index.php?rest_route=\/wp\/v2\/pages\/804"}],"wp:attachment":[{"href":"http:\/\/parafiaslawa.pl\/index.php?rest_route=%2Fwp%2Fv2%2Fmedia&parent=812"}],"curies":[{"name":"wp","href":"https:\/\/api.w.org\/{rel}","templated":true}]}}